{"id":6,"date":"2013-07-25T11:20:43","date_gmt":"2013-07-25T11:20:43","guid":{"rendered":"http:\/\/twblum.de\/?page_id=6"},"modified":"2013-07-30T18:59:10","modified_gmt":"2013-07-30T18:59:10","slug":"malerei","status":"publish","type":"page","link":"http:\/\/twblum.de\/?page_id=6","title":{"rendered":"Malerei"},"content":{"rendered":"<p><span style=\"font-family: Helvetica,Geneva,Arial,SunSans-Regular,sans-serif;\">Zeichnungen mit Farbe. <\/span><\/p>\n<p><span style=\"font-family: Helvetica,Geneva,Arial,SunSans-Regular,sans-serif;\">Landschafts -und Aktzeichnungen brachten mich in meiner Studienzeit zur Linie. Ich fand heraus, wie ich sie mit den verschiedensten Werkzeugen lebendig flie\u00dfen lassen konnte. Malerei, wom\u00f6glich noch mit \u00d6lfarbe, war f\u00fcr mich ein rotes Tuch. Sozialistischer Realismus&#8230; Davon wollte ich mich absetzen.<\/span><\/p>\n<p><a href=\"http:\/\/twblum.de\/wp-content\/uploads\/2013\/07\/DSC1490.jpg\"><img decoding=\"async\" loading=\"lazy\" class=\"alignnone size-medium wp-image-38\" alt=\"H\u00f6now\" src=\"http:\/\/twblum.de\/wp-content\/uploads\/2013\/07\/DSC1490-238x300.jpg\" width=\"238\" height=\"300\" srcset=\"http:\/\/twblum.de\/wp-content\/uploads\/2013\/07\/DSC1490-238x300.jpg 238w, http:\/\/twblum.de\/wp-content\/uploads\/2013\/07\/DSC1490.jpg 579w\" sizes=\"(max-width: 238px) 100vw, 238px\" \/><\/a><\/p>\n<p><span style=\"font-family: Helvetica,Geneva,Arial,SunSans-Regular,sans-serif;\">Trotzdem interessierte mich Farbe. Ich suchte nach M\u00f6glichkeiten, die Farbe wie bei einer Zeichnung auf die Leinwand zu bringen. Ich benutzte farbige Tuschen, um Linien zu malen und sch\u00fcttete extrem verd\u00fcnnte Acrylfarbe dar\u00fcber, verteilte sie mit der Hand, wie wenn man Zeichenkohle verwischt. Diese Technik kombinierte ich mit den verschiedenen Zeichentechniken (Kreide, Kohle, Bleistift usw.) Auf gef\u00e4rbtem Papier wirkten farbige Linien und Fl\u00e4chen homogener, verbanden sich besser. Also grundierte ich auch meine Leinw\u00e4nde zun\u00e4chst farbig, um einen Untergrund wie get\u00f6ntes Zeichenpapier, nur viel gr\u00f6\u00dfer und stabiler zu haben. Auf diesem Untergrund konnte ich unbegrenzt viele Zeichnungen \u00fcbereinanderlagen oder gar das ganze Bild \u00fcbergrundieren um noch einmal von vorn anzufangen. So hatte ich meine Technik gefunden. Ich konnte nun auf gro\u00dfen Formaten farbig zeichnen.<\/span><\/p>\n<p><a href=\"http:\/\/twblum.de\/wp-content\/uploads\/2013\/07\/malerei002.jpg\"><img decoding=\"async\" loading=\"lazy\" class=\"alignnone size-medium wp-image-74\" alt=\"Nie\" src=\"http:\/\/twblum.de\/wp-content\/uploads\/2013\/07\/malerei002-300x238.jpg\" width=\"300\" height=\"238\" srcset=\"http:\/\/twblum.de\/wp-content\/uploads\/2013\/07\/malerei002-300x238.jpg 300w, http:\/\/twblum.de\/wp-content\/uploads\/2013\/07\/malerei002-377x300.jpg 377w, http:\/\/twblum.de\/wp-content\/uploads\/2013\/07\/malerei002.jpg 579w\" sizes=\"(max-width: 300px) 100vw, 300px\" \/><\/a><\/p>\n<p><span style=\"font-family: Helvetica,Geneva,Arial,SunSans-Regular,sans-serif;\">Ich zeichne nicht mehr nach (bzw. vor) der Natur, sondern lasse einfach Linien flie\u00dfen und sich zu Gegenst\u00e4nden, Figuren und Zeichen entwickeln, verdecke die Linien teilweise wieder mit Farbe und lasse neue Linien dar\u00fcber flie\u00dfen. Ich experimentiere mit Fotografien, die mittels lichtempfindlicher Elmulsion auf die Leinwand gebracht und dann \u00fcbermalt werden, kombiniere meine Art von Zeichnung in Performances mit Musik und Videoprojektionen und stricke so an meiner Technik weiter.<\/span><\/p>\n<p><a href=\"http:\/\/twblum.de\/wp-content\/uploads\/2013\/07\/DSC1501.jpg\"><img decoding=\"async\" loading=\"lazy\" class=\"alignnone size-medium wp-image-42\" alt=\"_DSC1501\" src=\"http:\/\/twblum.de\/wp-content\/uploads\/2013\/07\/DSC1501-300x239.jpg\" width=\"300\" height=\"239\" srcset=\"http:\/\/twblum.de\/wp-content\/uploads\/2013\/07\/DSC1501-300x239.jpg 300w, http:\/\/twblum.de\/wp-content\/uploads\/2013\/07\/DSC1501-375x300.jpg 375w, http:\/\/twblum.de\/wp-content\/uploads\/2013\/07\/DSC1501.jpg 579w\" sizes=\"(max-width: 300px) 100vw, 300px\" \/><\/a><\/p>\n<p><span style=\"font-family: Helvetica,Geneva,Arial,SunSans-Regular,sans-serif;\">Das wichtigste, was ein Bild meiner Meinung nach haben mu\u00df, ist Tiefenwirkung. R\u00e4umliche Tiefe entsteht bei mir durch das \u00dcbereinanderlagern von Ebenen und die Kombination verschiedener technischer M\u00f6glichkeiten. Wenn man im Auge beh\u00e4lt, da\u00df jedes Tr\u00f6pfchen Farbe, jede kleinste Bleistiftlinie ihren Ausdruck entfaltet, selbst wenn sie sich unter einer ausgetrockneten Farblache \u00fcber die Leinwand k\u00e4mpft, entsteht diese Vielschichtigkeit, die eine r\u00e4umliche Tiefe suggeriert, nicht im Sinne einer Illusion perspektivisch genauer R\u00e4umlichkeit, sondern in Sinne eines universellen Raumes.<\/span><\/p>\n<p>&nbsp;<\/p>\n<p>&nbsp;<\/p>\n<p>&nbsp;<\/p>\n<p>&nbsp;<\/p>\n<p>&nbsp;<\/p>\n<p>&nbsp;<\/p>\n<p>&nbsp;<\/p>\n<p>&nbsp;<\/p>\n<p>&nbsp;<\/p>\n","protected":false},"excerpt":{"rendered":"<p>Zeichnungen mit Farbe. Landschafts -und Aktzeichnungen brachten mich in meiner Studienzeit zur Linie. Ich fand heraus, wie ich sie mit den verschiedensten Werkzeugen lebendig flie\u00dfen lassen konnte. Malerei, wom\u00f6glich noch mit \u00d6lfarbe, war f\u00fcr mich ein rotes Tuch. Sozialistischer Realismus&#8230; &hellip; <a href=\"http:\/\/twblum.de\/?page_id=6\">Weiterlesen <span class=\"meta-nav\">&rarr;<\/span><\/a><\/p>\n","protected":false},"author":1,"featured_media":0,"parent":0,"menu_order":1,"comment_status":"closed","ping_status":"closed","template":"","meta":{"ngg_post_thumbnail":0},"_links":{"self":[{"href":"http:\/\/twblum.de\/index.php?rest_route=\/wp\/v2\/pages\/6"}],"collection":[{"href":"http:\/\/twblum.de\/index.php?rest_route=\/wp\/v2\/pages"}],"about":[{"href":"http:\/\/twblum.de\/index.php?rest_route=\/wp\/v2\/types\/page"}],"author":[{"embeddable":true,"href":"http:\/\/twblum.de\/index.php?rest_route=\/wp\/v2\/users\/1"}],"replies":[{"embeddable":true,"href":"http:\/\/twblum.de\/index.php?rest_route=%2Fwp%2Fv2%2Fcomments&post=6"}],"version-history":[{"count":26,"href":"http:\/\/twblum.de\/index.php?rest_route=\/wp\/v2\/pages\/6\/revisions"}],"predecessor-version":[{"id":157,"href":"http:\/\/twblum.de\/index.php?rest_route=\/wp\/v2\/pages\/6\/revisions\/157"}],"wp:attachment":[{"href":"http:\/\/twblum.de\/index.php?rest_route=%2Fwp%2Fv2%2Fmedia&parent=6"}],"curies":[{"name":"wp","href":"https:\/\/api.w.org\/{rel}","templated":true}]}}